{"id":87,"date":"2024-01-18T16:33:38","date_gmt":"2024-01-18T15:33:38","guid":{"rendered":"https:\/\/bien-etrereiki-jpierre.com\/?page_id=87"},"modified":"2026-03-11T15:09:40","modified_gmt":"2026-03-11T14:09:40","slug":"dates-des-formations","status":"publish","type":"page","link":"https:\/\/bien-etrereiki-jpierre.com\/index.php\/dates-des-formations\/","title":{"rendered":"DATES ET HORAIRES DES FORMATIONS REIKI USUI A PAMIERS"},"content":{"rendered":"\n<p><strong>A)<\/strong> <strong>REIKI<\/strong><\/p>\n\n\n\n<p><strong>1er DEGR\u00c9<\/strong>: <strong>DATE (S) SELON DEMANDE (S)<\/strong><\/p>\n\n\n\n<p><strong>2eme DEGR\u00c9<\/strong>: <strong>DATE (S) SELON DEMANDE (S)<\/strong><\/p>\n\n\n\n<p><strong>3eme DEGR\u00c9 MAITRE DE REIKI<\/strong> : <strong>DATE (S) SELON DEMANDE (S)<\/strong><\/p>\n\n\n\n<p><strong>4eme DEGR\u00c9<\/strong> <strong>MAITRE ENSEIGNANT DE REIKI<\/strong>; <strong>DATE (S) SELON DEMANDE (S)<\/strong><\/p>\n\n\n\n<p><strong>INFORMATIONS<\/strong> <strong>POUR CHACUN DES DEGR\u00c9S<\/strong><\/p>\n\n\n\n<p>Horaires (avec possibilit\u00e9 d&rsquo;am\u00e9nagement):<\/p>\n\n\n\n<p>Samedi: 10H00-17H    Dimanche 10H12h <strong>OU<\/strong> 14H-16H<\/p>\n\n\n\n<p>Les formations REIKI USUI se d\u00e9roulent sur 02 journ\u00e9es et peuvent \u00eatre adapt\u00e9es selon les contraintes des participants.<\/p>\n\n\n\n<p><\/p>\n\n\n\n<p><strong>Samedi:<\/strong><\/p>\n\n\n\n<p>-Accueil des participants<\/p>\n\n\n\n<p><strong>ET<\/strong><\/p>\n\n\n\n<p>-Pour les candidats au 2-3 et 4 eme degr\u00e9, leurs attestations de formation \u00e0 chacun des degr\u00e9s pr\u00e9c\u00e9dents<\/p>\n\n\n\n<p>-Formation<\/p>\n\n\n\n<p>Le samedi midi un d\u00e9jeuner l\u00e9ger est servi sur place (compris dans le prix)<\/p>\n\n\n\n<p><strong>Dimanche<\/strong> <strong>matin ET\/OU apr\u00e8s-midi:<\/strong><\/p>\n\n\n\n<p>-Initiation<\/p>\n\n\n\n<p>&#8211;<strong>AU PREMIER DEGRE<\/strong> en plus de l&rsquo;attestation de stage et du livret correspondant, sont remis les documents suivants: ma lign\u00e9e et les principes du REIKI. <\/p>\n\n\n\n<p>&#8211;<strong>A PARTIR DU DEUXIEME DEGRE<\/strong> sont remis l&rsquo;attestation de stage et le livret correspondant au degr\u00e9 concern\u00e9<\/p>\n\n\n\n<p><strong>POUR ME<\/strong> <strong>CONTACTER:<\/strong><\/p>\n\n\n\n<p><strong>-Par t\u00e9l\u00e9phone OU SMS : 06 99 44 03 52<\/strong><\/p>\n\n\n\n<p>&#8211;<strong>Par courriel: jean-pierre-baubeau@orange.fr<\/strong><\/p>\n\n\n\n<p><strong>PS<\/strong>: <strong>Si je suis absent ou occup\u00e9 , merci de me laisser un message en pr\u00e9cisant vos:<\/strong><\/p>\n\n\n\n<p><strong>Nom et pr\u00e9nom, l&rsquo;objet de votre appel, le n\u00b0 de t\u00e9l\u00e9phone auquel vous souhaitez \u00eatre recontact\u00e9. Je ne manquerai pas de le faire dans les plus brefs d\u00e9lais.<\/strong><\/p>\n\n\n\n<p>&#8211;<strong>L&rsquo;attestation remise n&rsquo;est pas reconnue par l\u2019\u00c9tat<\/strong> <strong>et n&rsquo;engage en aucune fa\u00e7on la responsabilit\u00e9 du formateur<\/strong><\/p>\n\n\n\n<p><strong>Conform\u00e9ment au RGPD, les coordonn\u00e9es des \u00ab\u00a0auditeurs\u00a0\u00bb ne sont ni conserv\u00e9es ni exploit\u00e9es apr\u00e8s l&rsquo;entretien<\/strong><\/p>\n\n\n\n<p><strong><u>EN AUCUN CAS le REIKI ne saurait se substituer \u00e0 un traitement ou \u00e0 un examen m\u00e9dical ni \u00e0 une consultation chez le m\u00e9decin<\/u><\/strong><\/p>\n\n\n\n<p><strong>NB: Voir page: OFFRE DE SERVICES ET TARIFS<\/strong> <strong>(autres disciplines propos\u00e9es) <\/strong><\/p>\n\n\n\n<p><\/p>\n","protected":false},"excerpt":{"rendered":"<p>A) REIKI 1er DEGR\u00c9: DATE (S) SELON DEMANDE (S) 2eme DEGR\u00c9: DATE (S) SELON DEMANDE (S) 3eme DEGR\u00c9 MAITRE DE REIKI : DATE (S) SELON DEMANDE (S) 4eme DEGR\u00c9 MAITRE ENSEIGNANT DE REIKI; DATE (S) SELON DEMANDE (S) INFORMATIONS POUR CHACUN DES DEGR\u00c9S Horaires (avec possibilit\u00e9 d&rsquo;am\u00e9nagement): Samedi: 10H00-17H Dimanche 10H12h OU 14H-16H Les formations [&hellip;]<\/p>\n","protected":false},"author":1,"featured_media":0,"parent":0,"menu_order":0,"comment_status":"closed","ping_status":"closed","template":"","meta":{"footnotes":""},"class_list":["post-87","page","type-page","status-publish","hentry"],"_links":{"self":[{"href":"https:\/\/bien-etrereiki-jpierre.com\/index.php\/wp-json\/wp\/v2\/pages\/87","targetHints":{"allow":["GET"]}}],"collection":[{"href":"https:\/\/bien-etrereiki-jpierre.com\/index.php\/wp-json\/wp\/v2\/pages"}],"about":[{"href":"https:\/\/bien-etrereiki-jpierre.com\/index.php\/wp-json\/wp\/v2\/types\/page"}],"author":[{"embeddable":true,"href":"https:\/\/bien-etrereiki-jpierre.com\/index.php\/wp-json\/wp\/v2\/users\/1"}],"replies":[{"embeddable":true,"href":"https:\/\/bien-etrereiki-jpierre.com\/index.php\/wp-json\/wp\/v2\/comments?post=87"}],"version-history":[{"count":115,"href":"https:\/\/bien-etrereiki-jpierre.com\/index.php\/wp-json\/wp\/v2\/pages\/87\/revisions"}],"predecessor-version":[{"id":654,"href":"https:\/\/bien-etrereiki-jpierre.com\/index.php\/wp-json\/wp\/v2\/pages\/87\/revisions\/654"}],"wp:attachment":[{"href":"https:\/\/bien-etrereiki-jpierre.com\/index.php\/wp-json\/wp\/v2\/media?parent=87"}],"curies":[{"name":"wp","href":"https:\/\/api.w.org\/{rel}","templated":true}]}}