{"id":79,"date":"2024-01-18T16:11:09","date_gmt":"2024-01-18T15:11:09","guid":{"rendered":"https:\/\/bien-etrereiki-jpierre.com\/?page_id=79"},"modified":"2025-08-16T11:00:20","modified_gmt":"2025-08-16T09:00:20","slug":"partenaires","status":"publish","type":"page","link":"https:\/\/bien-etrereiki-jpierre.com\/index.php\/partenaires\/","title":{"rendered":"PARTENAIRES"},"content":{"rendered":"\n<p>Des travaux soign\u00e9s, un interlocuteur r\u00e9actif&#8230; M. HERY sans h\u00e9sitation<\/p>\n\n\n\n<figure class=\"wp-block-image size-full is-resized\"><img loading=\"lazy\" decoding=\"async\" width=\"265\" height=\"170\" src=\"https:\/\/bien-etrereiki-jpierre.com\/wp-content\/uploads\/2024\/03\/Capture.png\" alt=\"\" class=\"wp-image-211\" style=\"width:436px;height:auto\"\/><\/figure>\n\n\n\n<figure class=\"wp-block-image size-full is-resized\"><img loading=\"lazy\" decoding=\"async\" width=\"269\" height=\"173\" src=\"https:\/\/bien-etrereiki-jpierre.com\/wp-content\/uploads\/2024\/03\/Capture-2.png\" alt=\"\" class=\"wp-image-212\" style=\"width:438px;height:auto\"\/><\/figure>\n\n\n\n<p><\/p>\n","protected":false},"excerpt":{"rendered":"<p>Des travaux soign\u00e9s, un interlocuteur r\u00e9actif&#8230; M. HERY sans h\u00e9sitation<\/p>\n","protected":false},"author":1,"featured_media":0,"parent":0,"menu_order":0,"comment_status":"closed","ping_status":"closed","template":"","meta":{"footnotes":""},"class_list":["post-79","page","type-page","status-publish","hentry"],"_links":{"self":[{"href":"https:\/\/bien-etrereiki-jpierre.com\/index.php\/wp-json\/wp\/v2\/pages\/79","targetHints":{"allow":["GET"]}}],"collection":[{"href":"https:\/\/bien-etrereiki-jpierre.com\/index.php\/wp-json\/wp\/v2\/pages"}],"about":[{"href":"https:\/\/bien-etrereiki-jpierre.com\/index.php\/wp-json\/wp\/v2\/types\/page"}],"author":[{"embeddable":true,"href":"https:\/\/bien-etrereiki-jpierre.com\/index.php\/wp-json\/wp\/v2\/users\/1"}],"replies":[{"embeddable":true,"href":"https:\/\/bien-etrereiki-jpierre.com\/index.php\/wp-json\/wp\/v2\/comments?post=79"}],"version-history":[{"count":9,"href":"https:\/\/bien-etrereiki-jpierre.com\/index.php\/wp-json\/wp\/v2\/pages\/79\/revisions"}],"predecessor-version":[{"id":617,"href":"https:\/\/bien-etrereiki-jpierre.com\/index.php\/wp-json\/wp\/v2\/pages\/79\/revisions\/617"}],"wp:attachment":[{"href":"https:\/\/bien-etrereiki-jpierre.com\/index.php\/wp-json\/wp\/v2\/media?parent=79"}],"curies":[{"name":"wp","href":"https:\/\/api.w.org\/{rel}","templated":true}]}}