{"id":500,"date":"2025-02-23T12:52:02","date_gmt":"2025-02-23T11:52:02","guid":{"rendered":"https:\/\/bien-etrereiki-jpierre.com\/?page_id=500"},"modified":"2026-03-11T15:29:21","modified_gmt":"2026-03-11T14:29:21","slug":"soins-sur-photo","status":"publish","type":"page","link":"https:\/\/bien-etrereiki-jpierre.com\/index.php\/soins-sur-photo\/","title":{"rendered":"S\u00c9ANCE SUR PHOTO"},"content":{"rendered":"\n<p><strong>Lors d&rsquo;un contact en pr\u00e9sentiel:<\/strong><\/p>\n\n\n\n<p>Me remettre une photocopie de photographie de la personne ou de l&rsquo;animal avec comme mentions:.<\/p>\n\n\n\n<p>-le pr\u00e9nom de la personne et\/ou le nom de l&rsquo;animal<\/p>\n\n\n\n<p>-la date de naissance (pour la personne)<\/p>\n\n\n\n<p>-le probl\u00e8me concernant la personne ou l&rsquo;animal<\/p>\n\n\n\n<p><strong>TARIFS:<\/strong><\/p>\n\n\n\n<p>A raison d&rsquo;une s\u00e9ance tous les deux jours sauf samedi et dimanche <\/p>\n\n\n\n<p>( jours f\u00e9ri\u00e9s compris ) de date \u00e0 date<\/p>\n\n\n\n<p><strong>DUR\u00c9E DETERMINEE AU CAS PAR CAS AVEC L ACCORD EXPRESS DE LA PERSONNE<\/strong><\/p>\n\n\n\n<p><strong>Me contacte<\/strong>r: Voir page Offres de service-Tarifs-contact<\/p>\n\n\n\n<p><strong><u>EN AUCUN CAS le REIKI ne saurait se substituer \u00e0 un traitement ou \u00e0 un examen m\u00e9dical ni \u00e0 une consultation chez le m\u00e9decin<\/u> (ou le v\u00e9t\u00e9rinaire)<\/strong><\/p>\n\n\n\n<p><strong>NB: Voir page: OFFRE DE SERVICES ET TARIFS<\/strong> <strong>(autres disciplines propos\u00e9es) <\/strong><\/p>\n\n\n\n<p><\/p>\n","protected":false},"excerpt":{"rendered":"<p>Lors d&rsquo;un contact en pr\u00e9sentiel: Me remettre une photocopie de photographie de la personne ou de l&rsquo;animal avec comme mentions:. -le pr\u00e9nom de la personne et\/ou le nom de l&rsquo;animal -la date de naissance (pour la personne) -le probl\u00e8me concernant la personne ou l&rsquo;animal TARIFS: A raison d&rsquo;une s\u00e9ance tous les deux jours sauf samedi [&hellip;]<\/p>\n","protected":false},"author":1,"featured_media":0,"parent":0,"menu_order":0,"comment_status":"closed","ping_status":"closed","template":"","meta":{"footnotes":""},"class_list":["post-500","page","type-page","status-publish","hentry"],"_links":{"self":[{"href":"https:\/\/bien-etrereiki-jpierre.com\/index.php\/wp-json\/wp\/v2\/pages\/500","targetHints":{"allow":["GET"]}}],"collection":[{"href":"https:\/\/bien-etrereiki-jpierre.com\/index.php\/wp-json\/wp\/v2\/pages"}],"about":[{"href":"https:\/\/bien-etrereiki-jpierre.com\/index.php\/wp-json\/wp\/v2\/types\/page"}],"author":[{"embeddable":true,"href":"https:\/\/bien-etrereiki-jpierre.com\/index.php\/wp-json\/wp\/v2\/users\/1"}],"replies":[{"embeddable":true,"href":"https:\/\/bien-etrereiki-jpierre.com\/index.php\/wp-json\/wp\/v2\/comments?post=500"}],"version-history":[{"count":19,"href":"https:\/\/bien-etrereiki-jpierre.com\/index.php\/wp-json\/wp\/v2\/pages\/500\/revisions"}],"predecessor-version":[{"id":659,"href":"https:\/\/bien-etrereiki-jpierre.com\/index.php\/wp-json\/wp\/v2\/pages\/500\/revisions\/659"}],"wp:attachment":[{"href":"https:\/\/bien-etrereiki-jpierre.com\/index.php\/wp-json\/wp\/v2\/media?parent=500"}],"curies":[{"name":"wp","href":"https:\/\/api.w.org\/{rel}","templated":true}]}}