{"id":5,"date":"2024-01-11T16:21:03","date_gmt":"2024-01-11T15:21:03","guid":{"rendered":"http:\/\/bien-etrereiki-jpierre.com\/?page_id=5"},"modified":"2026-03-01T11:52:19","modified_gmt":"2026-03-01T10:52:19","slug":"5-2","status":"publish","type":"page","link":"https:\/\/bien-etrereiki-jpierre.com\/index.php\/5-2\/","title":{"rendered":"ASSOCIATION VESTA"},"content":{"rendered":"\n<figure class=\"wp-block-image size-full is-resized\"><img loading=\"lazy\" decoding=\"async\" width=\"254\" height=\"159\" src=\"https:\/\/bien-etrereiki-jpierre.com\/wp-content\/uploads\/2024\/12\/Capture.png\" alt=\"\" class=\"wp-image-359\" style=\"width:476px;height:auto\"\/><\/figure>\n\n\n\n<p>D\u00e8s mon plus jeune \u00e2ge, je me suis int\u00e9ress\u00e9 \u00e0 l\u2019\u00e9sot\u00e9risme (cartes, m\u00e9thode de soins alternatifs\u2026) et j\u2019avais toujours eu l\u2019id\u00e9e d\u2019apporter un r\u00e9confort physique et moral.<\/p>\n\n\n\n<p class=\"has-text-align-left\">Pendant toute la p\u00e9riode de mes activit\u00e9s professionnelles, j\u2019ai rencontr\u00e9 beaucoup de personnes en souffrance.<\/p>\n\n\n\n<p class=\"has-text-align-left\">C\u2019est tout naturellement que l\u2019id\u00e9e de construire une association est n\u00e9e dans les ann\u00e9es 2000 lors de rencontres d\u2019amis sensibilis\u00e9s aux handicaps et a \u00e9t\u00e9 concr\u00e9tis\u00e9e par la cr\u00e9ation de l\u2019association \u00abVESTA\u00bb.<\/p>\n\n\n\n<p class=\"has-text-align-left\">Je ne pouvais donc pas ne pas essayer d\u2019apporter ma pierre \u00e0 l\u2019\u00e9difice et apr\u00e8s les formations d\u2019usage, je suis devenu Ma\u00eetre enseignant de REIKI USUI \u00abm\u00e9thode de d\u00e9veloppement personnel et bien-\u00eatre de la personne r\u00e9f\u00e9renc\u00e9 sous la fiche ROME K 1103&nbsp;\u00bb.<\/p>\n\n\n\n<p>Je pratique au sein de cette association en tant que MAGNETISEUR ET GUERISSEUR PAR LE REIKI USUI, Ma\u00eetre Enseignant de REIKI USUI depuis septembre 2007.<\/p>\n\n\n\n<p>J\u2019ai \u00e9t\u00e9 initi\u00e9 aux niveaux 1-2 et 3 par Odile LERNER et au niveau 4 par Francine OUELLET.<\/p>\n\n\n\n<p><strong>Lign\u00e9e jusqu\u2019au 3 eme degr\u00e9 (Ma\u00eetre de REIKI USUI)<\/strong><\/p>\n\n\n\n<p>Mikao USUI<\/p>\n\n\n\n<p>Chujiro HAYASHI<\/p>\n\n\n\n<p>Hawayo TAKATA<\/p>\n\n\n\n<p>Phyllis Lei FUROMOTO<\/p>\n\n\n\n<p>Joelle EBROUSSARD-FINCH<\/p>\n\n\n\n<p>Odile LERNER<\/p>\n\n\n\n<p>Jean-Pierre BAUBEAU<\/p>\n\n\n\n<p><strong>Pour le 4eme degr\u00e9 (Ma\u00eetre Enseignant de REIKI USUI)<\/strong><\/p>\n\n\n\n<p>Mikao USUI<\/p>\n\n\n\n<p>Chujiro HAYASHI<\/p>\n\n\n\n<p>Hawayo TAKATA<\/p>\n\n\n\n<p>Iris ISHIKURO<\/p>\n\n\n\n<p>Arthur ROBERTSON<\/p>\n\n\n\n<p>Roger FOISY<\/p>\n\n\n\n<p>Andr\u00e9 DELADURANTAYE<\/p>\n\n\n\n<p>Francine OUELLET<\/p>\n\n\n\n<p>Jean-Pierre BAUBEAU<\/p>\n\n\n\n<p>VESTA\u00a0\u00bbAgir pour rena\u00eetre\u00a0\u00bb est une association loi 1901 d\u00e9clar\u00e9e \u00e0 la pr\u00e9fecture des Hauts de Seine le 15 octobre 2002 sous le num\u00e9ro 02026293. Journal Officiel du 23 novembre 2002 page 5101.<\/p>\n\n\n\n<p>N\u00b0 de SIREN&nbsp;: 804 251&nbsp;478&nbsp;&nbsp;&nbsp;&nbsp;&nbsp; N\u00b0 de SIRET&nbsp;: 804&nbsp;251&nbsp;478 00017&nbsp;&nbsp;&nbsp;&nbsp; Code APE&nbsp;: 9499Z<\/p>\n\n\n\n<p><strong>BIEN LIRE L&rsquo; INFORMATION CI-DESSOUS:<\/strong><\/p>\n\n\n\n<p><strong><u>EN AUCUN CAS le REIKI ne saurait se substituer \u00e0 un traitement ou \u00e0 un examen m\u00e9dical ni \u00e0 une consultation chez le m\u00e9decin<\/u><\/strong><\/p>\n\n\n\n<figure class=\"wp-block-image size-full is-resized\"><img loading=\"lazy\" decoding=\"async\" width=\"630\" height=\"473\" src=\"https:\/\/bien-etrereiki-jpierre.com\/wp-content\/uploads\/2024\/01\/photo-page-1-REIKI.png\" alt=\"\" class=\"wp-image-189\" style=\"width:444px;height:auto\" srcset=\"https:\/\/bien-etrereiki-jpierre.com\/wp-content\/uploads\/2024\/01\/photo-page-1-REIKI.png 630w, https:\/\/bien-etrereiki-jpierre.com\/wp-content\/uploads\/2024\/01\/photo-page-1-REIKI-300x225.png 300w\" sizes=\"auto, (max-width: 630px) 100vw, 630px\" \/><\/figure>\n\n\n\n<p><\/p>\n","protected":false},"excerpt":{"rendered":"<p>D\u00e8s mon plus jeune \u00e2ge, je me suis int\u00e9ress\u00e9 \u00e0 l\u2019\u00e9sot\u00e9risme (cartes, m\u00e9thode de soins alternatifs\u2026) et j\u2019avais toujours eu l\u2019id\u00e9e d\u2019apporter un r\u00e9confort physique et moral. Pendant toute la p\u00e9riode de mes activit\u00e9s professionnelles, j\u2019ai rencontr\u00e9 beaucoup de personnes en souffrance. C\u2019est tout naturellement que l\u2019id\u00e9e de construire une association est n\u00e9e dans les [&hellip;]<\/p>\n","protected":false},"author":1,"featured_media":0,"parent":0,"menu_order":0,"comment_status":"closed","ping_status":"closed","template":"","meta":{"footnotes":""},"class_list":["post-5","page","type-page","status-publish","hentry"],"_links":{"self":[{"href":"https:\/\/bien-etrereiki-jpierre.com\/index.php\/wp-json\/wp\/v2\/pages\/5","targetHints":{"allow":["GET"]}}],"collection":[{"href":"https:\/\/bien-etrereiki-jpierre.com\/index.php\/wp-json\/wp\/v2\/pages"}],"about":[{"href":"https:\/\/bien-etrereiki-jpierre.com\/index.php\/wp-json\/wp\/v2\/types\/page"}],"author":[{"embeddable":true,"href":"https:\/\/bien-etrereiki-jpierre.com\/index.php\/wp-json\/wp\/v2\/users\/1"}],"replies":[{"embeddable":true,"href":"https:\/\/bien-etrereiki-jpierre.com\/index.php\/wp-json\/wp\/v2\/comments?post=5"}],"version-history":[{"count":12,"href":"https:\/\/bien-etrereiki-jpierre.com\/index.php\/wp-json\/wp\/v2\/pages\/5\/revisions"}],"predecessor-version":[{"id":638,"href":"https:\/\/bien-etrereiki-jpierre.com\/index.php\/wp-json\/wp\/v2\/pages\/5\/revisions\/638"}],"wp:attachment":[{"href":"https:\/\/bien-etrereiki-jpierre.com\/index.php\/wp-json\/wp\/v2\/media?parent=5"}],"curies":[{"name":"wp","href":"https:\/\/api.w.org\/{rel}","templated":true}]}}