{"id":402,"date":"2024-12-18T23:01:18","date_gmt":"2024-12-18T22:01:18","guid":{"rendered":"https:\/\/bien-etrereiki-jpierre.com\/?page_id=402"},"modified":"2026-03-11T15:11:12","modified_gmt":"2026-03-11T14:11:12","slug":"formations-reiki-usui-dans-les-departements-autres-que-l-ariege-et-paris","status":"publish","type":"page","link":"https:\/\/bien-etrereiki-jpierre.com\/index.php\/formations-reiki-usui-dans-les-departements-autres-que-l-ariege-et-paris\/","title":{"rendered":"FORMATIONS REIKI USUI DANS LES DEPARTEMENTS AUTRES QUE L ARIEGE ET PARIS"},"content":{"rendered":"\n<p><strong>FORMATIONS<\/strong> <strong>(DATES ET LIEUX A DEFINIR)<\/strong><\/p>\n\n\n\n<p><strong>1er DEGR\u00c9<\/strong><\/p>\n\n\n\n<p><strong>2eme DEGR\u00c9<\/strong><\/p>\n\n\n\n<p><strong>3eme DEGR\u00c9 MAITRE DE REIKI<\/strong><\/p>\n\n\n\n<p><strong>4eme DEGR\u00c9<\/strong> <strong>MAITRE ENSEIGNANT DE REIKI<\/strong><\/p>\n\n\n\n<p><strong>INFORMATIONS<\/strong> <strong>POUR CHACUN DES DEGR\u00c9S<\/strong><\/p>\n\n\n\n<p>Horaires (avec possibilit\u00e9 d&rsquo;am\u00e9nagement):<\/p>\n\n\n\n<p>Samedi: 10H00-17H Dimanche 10H12H <strong>ET<\/strong>\/<strong>OU<\/strong> 14H-16H<\/p>\n\n\n\n<p>Les formations REIKI USUI se d\u00e9roulent sur 02 journ\u00e9es et peuvent \u00eatre adapt\u00e9es selon les contraintes des participants.<\/p>\n\n\n\n<p>Le demandeur (organisateur) se chargera de r\u00e9unir les personnes int\u00e9ress\u00e9es \u00e0 son domicile, lieu dans lequel se d\u00e9roulera la formation. Le repas du samedi midi sera \u00e0 la charge du demandeur. Si la formation se d\u00e9roule en deux parties le dimanche, un repas l\u00e9ger sera \u00e9galement assur\u00e9 le dimanche midi pour le formateur au domicile du demandeur.<\/p>\n\n\n\n<p><strong>Formation gratuite pour l&rsquo;organisateur pour les degr\u00e9s 1-2-3<\/strong><\/p>\n\n\n\n<p><strong>1ere journ\u00e9e:<\/strong><\/p>\n\n\n\n<p>-Accueil des participants<\/p>\n\n\n\n<p><strong>ET<\/strong><\/p>\n\n\n\n<p>-Pour les candidats au 2-3 et 4 eme degr\u00e9, fournir leurs attestations de formation \u00e0 chacun des degr\u00e9s pr\u00e9c\u00e9dents<\/p>\n\n\n\n<p>-Formation<\/p>\n\n\n\n<p>2eme journ\u00e9e <strong>matin et\/ou apr\u00e8s-midi:<\/strong><\/p>\n\n\n\n<p>-Initiation<\/p>\n\n\n\n<p>-Remise des documents (ma lign\u00e9e, les principes du REIKI, attestation de stage, livre du degr\u00e9 correspondant)<\/p>\n\n\n\n<p><strong>POUR ME<\/strong> <strong>CONTACTER:<\/strong><\/p>\n\n\n\n<p><strong>-Par t\u00e9l\u00e9phone OU SMS : 06 99 44 03 52<\/strong><\/p>\n\n\n\n<p>&#8211;<strong>Par courriel: jean-pierre-baubeau@orange.fr<\/strong><\/p>\n\n\n\n<p><strong>PS<\/strong>: <strong>Si je suis absent ou occup\u00e9 , merci de me laisser un message en pr\u00e9cisant vos:<\/strong><\/p>\n\n\n\n<p><strong>Nom et pr\u00e9nom, l&rsquo;objet de votre appel, le n\u00b0 de t\u00e9l\u00e9phone auquel vous souhaitez \u00eatre recontact\u00e9. Je ne manquerai pas de le faire dans les plus brefs d\u00e9lais.<\/strong><\/p>\n\n\n\n<p><strong>-Voir page: OFFRE DE SERVICES ET TARIFS (autres disciplines propos\u00e9es)<\/strong><\/p>\n\n\n\n<p>&#8211;<strong>L&rsquo;attestation remise n&rsquo;est pas reconnue par l\u2019\u00c9tat<\/strong> <strong>et n&rsquo;engage en aucune fa\u00e7on la responsabilit\u00e9 du formateur<\/strong><\/p>\n\n\n\n<p><strong>TARIFS<\/strong>: Niveau 1\u00a0: <strong>me contacter<\/strong>\u00a0\u00a0\u00a0\u00a0\u00a0\u00a0 Niveau 2\u00a0: <strong>me contacter<\/strong>\u00a0\u00a0\u00a0\u00a0 Niveau 3\u00a0: <strong>me contacter<\/strong>\u00a0\u00a0\u00a0\u00a0\u00a0 Niveau 4\u00a0: <strong>me contacter<\/strong><\/p>\n\n\n\n<p><strong>20 euros pour frais de transport en Occitanie et 50 euros au del\u00e0 (par personne).<\/strong><\/p>\n\n\n\n<p>Tarif pr\u00e9f\u00e9rentiel pour le quatri\u00e8me degr\u00e9 pour les personnes qui ont suivi toutes les formations avec l\u2019association.*<\/p>\n\n\n\n<p><strong>Conform\u00e9ment au RGPD, les coordonn\u00e9es des \u00ab\u00a0auditeurs\u00a0\u00bb ne sont ni conserv\u00e9es ni exploit\u00e9es apr\u00e8s l&rsquo;entretien<\/strong><\/p>\n\n\n\n<p><\/p>\n\n\n\n<p><\/p>\n","protected":false},"excerpt":{"rendered":"<p>FORMATIONS (DATES ET LIEUX A DEFINIR) 1er DEGR\u00c9 2eme DEGR\u00c9 3eme DEGR\u00c9 MAITRE DE REIKI 4eme DEGR\u00c9 MAITRE ENSEIGNANT DE REIKI INFORMATIONS POUR CHACUN DES DEGR\u00c9S Horaires (avec possibilit\u00e9 d&rsquo;am\u00e9nagement): Samedi: 10H00-17H Dimanche 10H12H ET\/OU 14H-16H Les formations REIKI USUI se d\u00e9roulent sur 02 journ\u00e9es et peuvent \u00eatre adapt\u00e9es selon les contraintes des participants. Le [&hellip;]<\/p>\n","protected":false},"author":1,"featured_media":0,"parent":0,"menu_order":0,"comment_status":"closed","ping_status":"closed","template":"","meta":{"footnotes":""},"class_list":["post-402","page","type-page","status-publish","hentry"],"_links":{"self":[{"href":"https:\/\/bien-etrereiki-jpierre.com\/index.php\/wp-json\/wp\/v2\/pages\/402","targetHints":{"allow":["GET"]}}],"collection":[{"href":"https:\/\/bien-etrereiki-jpierre.com\/index.php\/wp-json\/wp\/v2\/pages"}],"about":[{"href":"https:\/\/bien-etrereiki-jpierre.com\/index.php\/wp-json\/wp\/v2\/types\/page"}],"author":[{"embeddable":true,"href":"https:\/\/bien-etrereiki-jpierre.com\/index.php\/wp-json\/wp\/v2\/users\/1"}],"replies":[{"embeddable":true,"href":"https:\/\/bien-etrereiki-jpierre.com\/index.php\/wp-json\/wp\/v2\/comments?post=402"}],"version-history":[{"count":25,"href":"https:\/\/bien-etrereiki-jpierre.com\/index.php\/wp-json\/wp\/v2\/pages\/402\/revisions"}],"predecessor-version":[{"id":656,"href":"https:\/\/bien-etrereiki-jpierre.com\/index.php\/wp-json\/wp\/v2\/pages\/402\/revisions\/656"}],"wp:attachment":[{"href":"https:\/\/bien-etrereiki-jpierre.com\/index.php\/wp-json\/wp\/v2\/media?parent=402"}],"curies":[{"name":"wp","href":"https:\/\/api.w.org\/{rel}","templated":true}]}}