{"id":34,"date":"2024-01-11T17:09:26","date_gmt":"2024-01-11T16:09:26","guid":{"rendered":"http:\/\/bien-etrereiki-jpierre.com\/?page_id=34"},"modified":"2026-03-11T15:07:07","modified_gmt":"2026-03-11T14:07:07","slug":"offre-de-services","status":"publish","type":"page","link":"https:\/\/bien-etrereiki-jpierre.com\/index.php\/offre-de-services\/","title":{"rendered":"OFFRE DE SERVICES TARIFS CONTACT"},"content":{"rendered":"\n<p>Je propose&nbsp;:<\/p>\n\n\n\n<p class=\"has-text-align-center\"><strong>1<\/strong>&#8211;<strong>S\u00e9ance MAGNETISME &#8211; REIKI USUI sur photographie (personnes-animaux<\/strong>):<\/p>\n\n\n\n<p class=\"has-text-align-left\"><strong>VOIR PAGE S\u00c9ANCE SUR PHOTO<\/strong><\/p>\n\n\n\n<p class=\"has-text-align-left\"><strong>2<\/strong>&#8211; S\u00e9ance de MAGNETISME-REIKI USUI <strong>ET<\/strong> Formations REIKI USUI du 1er au 4eme degr\u00e9 EN PRESENTIEL<\/p>\n\n\n\n<p class=\"has-text-align-left\"><strong>3<\/strong>&#8211; Questions\/r\u00e9ponses avec les cartes (jeu de 32 cartes)<\/p>\n\n\n\n<p><strong>LIEUX ET TARIFS<u>:<\/u><\/strong><\/p>\n\n\n\n<p><strong>A)<\/strong> <strong><u>A PAMIERS<\/u><\/strong>&nbsp;: <strong>7 chemin de Rigail 09100 Pamiers<\/strong> du lundi au vendredi de 10H \u00e0 22H y compris les jours f\u00e9ri\u00e9s:<\/p>\n\n\n\n<p><strong>-S\u00e9ance de MAGN\u00c9TISME-REIKI : me contacter<\/strong><\/p>\n\n\n\n<p><strong>OU<\/strong><\/p>\n\n\n\n<p><strong>Questions \/r\u00e9ponses avec les cartes : <strong>me contacter<\/strong><\/strong><\/p>\n\n\n\n<p><strong>OU<\/strong><\/p>\n\n\n\n<p><strong>Les deux disciplines: <strong>me contacter<\/strong><\/strong><\/p>\n\n\n\n<p>&#8211;<strong>FORMATIONS REIKI A PAMIERS (09)<\/strong><\/p>\n\n\n\n<p><strong>(<em>Pour les dates et horaires de formation voire page DATES ET HORAIRES DES FORMATIONS<\/em> A PAMIERS<\/strong>)<\/p>\n\n\n\n<p>Niveau 1\u00a0: <strong>me contacter<\/strong>\u00a0\u00a0\u00a0\u00a0\u00a0\u00a0\u00a0 Niveau 2\u00a0: <strong>me contacter<\/strong>\u00a0\u00a0\u00a0\u00a0 Niveau 3\u00a0: <strong>me contacter<\/strong>\u00a0\u00a0\u00a0\u00a0\u00a0 Niveau 4\u00a0: <strong>me contacter<\/strong>.<\/p>\n\n\n\n<p><strong>A-1) SUR TOUT LE TERRITOIRE<\/strong> <strong>(HORS PARIS)<\/strong><\/p>\n\n\n\n<p><strong>-S\u00e9ance de MAGN\u00c9TISME-REIKI et\/ou questions-r\u00e9ponses avec les carte\u00a0: <strong>me contacter<\/strong>.<\/strong><\/p>\n\n\n\n<p>&#8211;<strong>Formations REIKI: Intervention \u00e9tudi\u00e9e au cas par cas (sept stagiaires au minimum pour chacun des degr\u00e9s (en plus de l&rsquo;organisateur).<\/strong><\/p>\n\n\n\n<p>Les formations REIKI USUI se d\u00e9roulent sur 02 journ\u00e9es et peuvent \u00eatre adapt\u00e9es selon les contraintes des participants.<\/p>\n\n\n\n<p>L&rsquo;h\u00e9bergement, le transport, le repas du samedi midi sont \u00e0 la charge du demandeur. Si la formation se d\u00e9roule en deux parties le dimanche, un repas l\u00e9ger le midi sera \u00e9galement assur\u00e9 au domicile du demandeur.<\/p>\n\n\n\n<p>Lieu de la formation: domicile du demandeur<\/p>\n\n\n\n<p><strong>Formation gratuite pour l&rsquo;organisateur pour les degr\u00e9s 1-2-3<\/strong><\/p>\n\n\n\n<p><strong>A-2<\/strong> <strong>SUR PARIS INTRA-MUROS<\/strong><\/p>\n\n\n\n<p><strong>-S\u00e9ance de MAGN\u00c9TISME-REIKI et\/ou questions-r\u00e9ponses avec les carte\u00a0: <strong>me contacter<\/strong>.<\/strong><\/p>\n\n\n\n<p><strong>-Formations REIKI: Intervention \u00e9tudi\u00e9e au cas par cas (sept stagiaires au minimum pour chacun des degr\u00e9s <strong>(en plus de l&rsquo;organisateur)<\/strong>. <\/strong><\/p>\n\n\n\n<p>Les formations REIKI USUI se d\u00e9roulent sur 02 journ\u00e9es et peuvent \u00eatre adapt\u00e9es selon les contraintes des participants.<\/p>\n\n\n\n<p>L&rsquo;h\u00e9bergement, le transport, le repas du samedi midi sont \u00e0 la charge du demandeur. Si la formation se d\u00e9roule en deux parties le dimanche, un repas l\u00e9ger le midi sera \u00e9galement assur\u00e9 au domicile du demandeur.<\/p>\n\n\n\n<p>Lieu de la formation: domicile du demandeur<\/p>\n\n\n\n<p>Formation gratuite pour l&rsquo;organisateur pour les degr\u00e9s 1-2-3<\/p>\n\n\n\n<p><strong>B) Pour les s\u00e9ances de REIKI en entreprise\u00a0:me contacter<\/strong><\/p>\n\n\n\n<p><strong>POUR ME<\/strong> <strong>CONTACTER:<\/strong><\/p>\n\n\n\n<p><strong>-Par t\u00e9l\u00e9phone OU SMS : 06 99 44 03 52<\/strong><\/p>\n\n\n\n<p>&#8211;<strong>Par courriel: jean-pierre-baubeau@orange.fr<\/strong><\/p>\n\n\n\n<p><strong>-Par courrier: M. Jean-Pierre BAUBEAU 7 chemin de Rigail 09100 Pamiers<\/strong><\/p>\n\n\n\n<p><strong>PS<\/strong>: <strong>Si je suis absent ou occup\u00e9 , merci de me laisser un message en pr\u00e9cisant vos:<\/strong><\/p>\n\n\n\n<p><strong>Nom et pr\u00e9nom, l&rsquo;objet de votre appel, le n\u00b0 de t\u00e9l\u00e9phone auquel vous souhaitez \u00eatre recontact\u00e9. Je ne manquerai pas de le faire dans les plus brefs d\u00e9lais.<\/strong><\/p>\n\n\n\n<p><strong>JE NE R\u00c9PONDS PAS AUX APPELS MASQUES<\/strong><\/p>\n\n\n\n<p><strong><u>EN AUCUN CAS le REIKI ne saurait se substituer \u00e0 un traitement ou \u00e0 un examen m\u00e9dical ni \u00e0 une consultation chez le m\u00e9decin<\/u><\/strong><\/p>\n\n\n\n<figure class=\"wp-block-image size-full is-resized\"><img loading=\"lazy\" decoding=\"async\" width=\"320\" height=\"385\" src=\"https:\/\/bien-etrereiki-jpierre.com\/wp-content\/uploads\/2024\/01\/img341.jpg\" alt=\"\" class=\"wp-image-35\" style=\"width:234px;height:auto\" srcset=\"https:\/\/bien-etrereiki-jpierre.com\/wp-content\/uploads\/2024\/01\/img341.jpg 320w, https:\/\/bien-etrereiki-jpierre.com\/wp-content\/uploads\/2024\/01\/img341-249x300.jpg 249w\" sizes=\"auto, (max-width: 320px) 100vw, 320px\" \/><\/figure>\n\n\n\n<p><\/p>\n","protected":false},"excerpt":{"rendered":"<p>Je propose&nbsp;: 1&#8211;S\u00e9ance MAGNETISME &#8211; REIKI USUI sur photographie (personnes-animaux): VOIR PAGE S\u00c9ANCE SUR PHOTO 2&#8211; S\u00e9ance de MAGNETISME-REIKI USUI ET Formations REIKI USUI du 1er au 4eme degr\u00e9 EN PRESENTIEL 3&#8211; Questions\/r\u00e9ponses avec les cartes (jeu de 32 cartes) LIEUX ET TARIFS: A) A PAMIERS&nbsp;: 7 chemin de Rigail 09100 Pamiers du lundi au [&hellip;]<\/p>\n","protected":false},"author":1,"featured_media":0,"parent":0,"menu_order":0,"comment_status":"closed","ping_status":"closed","template":"","meta":{"footnotes":""},"class_list":["post-34","page","type-page","status-publish","hentry"],"_links":{"self":[{"href":"https:\/\/bien-etrereiki-jpierre.com\/index.php\/wp-json\/wp\/v2\/pages\/34","targetHints":{"allow":["GET"]}}],"collection":[{"href":"https:\/\/bien-etrereiki-jpierre.com\/index.php\/wp-json\/wp\/v2\/pages"}],"about":[{"href":"https:\/\/bien-etrereiki-jpierre.com\/index.php\/wp-json\/wp\/v2\/types\/page"}],"author":[{"embeddable":true,"href":"https:\/\/bien-etrereiki-jpierre.com\/index.php\/wp-json\/wp\/v2\/users\/1"}],"replies":[{"embeddable":true,"href":"https:\/\/bien-etrereiki-jpierre.com\/index.php\/wp-json\/wp\/v2\/comments?post=34"}],"version-history":[{"count":104,"href":"https:\/\/bien-etrereiki-jpierre.com\/index.php\/wp-json\/wp\/v2\/pages\/34\/revisions"}],"predecessor-version":[{"id":653,"href":"https:\/\/bien-etrereiki-jpierre.com\/index.php\/wp-json\/wp\/v2\/pages\/34\/revisions\/653"}],"wp:attachment":[{"href":"https:\/\/bien-etrereiki-jpierre.com\/index.php\/wp-json\/wp\/v2\/media?parent=34"}],"curies":[{"name":"wp","href":"https:\/\/api.w.org\/{rel}","templated":true}]}}