{"id":171,"date":"2024-01-28T15:27:49","date_gmt":"2024-01-28T14:27:49","guid":{"rendered":"https:\/\/bien-etrereiki-jpierre.com\/?page_id=171"},"modified":"2024-01-28T16:20:30","modified_gmt":"2024-01-28T15:20:30","slug":"quelques-lectures","status":"publish","type":"page","link":"https:\/\/bien-etrereiki-jpierre.com\/index.php\/quelques-lectures\/","title":{"rendered":"QUELQUES LECTURES"},"content":{"rendered":"\n<p><strong>REIKI<\/strong><\/p>\n\n\n\n<p><strong>1<\/strong> REIKI-gu\u00e9rir , r\u00e9\u00e9quilibrer gr\u00e2ce \u00e0 la force de vie universelle<\/p>\n\n\n\n<p>\u00c9ditions Guy Tr\u00e9daniel     S. SHARAMON    B-BAGINSKI<\/p>\n\n\n\n<p><strong>2<\/strong> REIKI-soigner, se soigner, l\u2019\u00e9nergie vitale canalis\u00e9e par vos mains<\/p>\n\n\n\n<p>\u00c9ditions ENTRELACS    Paula HORAN<\/p>\n\n\n\n<p><strong>3<\/strong> REIKI-force de vie universelle<\/p>\n\n\n\n<p>\u00c9ditions RECTO-VERSO     B.C STRUBIN<\/p>\n\n\n\n<p><strong>4<\/strong> REIKI- un pont entre deux mondes<\/p>\n\n\n\n<p>\u00c9ditions Marie LAKSHMI<\/p>\n\n\n\n<p><strong>5<\/strong> REIKI-les voies du coeur<\/p>\n\n\n\n<p>\u00c9ditions Guy TREDANIEL  Walter L\u00dcBECK<\/p>\n\n\n\n<p><\/p>\n\n\n\n<p><\/p>\n","protected":false},"excerpt":{"rendered":"<p>REIKI 1 REIKI-gu\u00e9rir , r\u00e9\u00e9quilibrer gr\u00e2ce \u00e0 la force de vie universelle \u00c9ditions Guy Tr\u00e9daniel S. SHARAMON B-BAGINSKI 2 REIKI-soigner, se soigner, l\u2019\u00e9nergie vitale canalis\u00e9e par vos mains \u00c9ditions ENTRELACS Paula HORAN 3 REIKI-force de vie universelle \u00c9ditions RECTO-VERSO B.C STRUBIN 4 REIKI- un pont entre deux mondes \u00c9ditions Marie LAKSHMI 5 REIKI-les voies du [&hellip;]<\/p>\n","protected":false},"author":1,"featured_media":0,"parent":0,"menu_order":0,"comment_status":"closed","ping_status":"closed","template":"","meta":{"footnotes":""},"class_list":["post-171","page","type-page","status-publish","hentry"],"_links":{"self":[{"href":"https:\/\/bien-etrereiki-jpierre.com\/index.php\/wp-json\/wp\/v2\/pages\/171","targetHints":{"allow":["GET"]}}],"collection":[{"href":"https:\/\/bien-etrereiki-jpierre.com\/index.php\/wp-json\/wp\/v2\/pages"}],"about":[{"href":"https:\/\/bien-etrereiki-jpierre.com\/index.php\/wp-json\/wp\/v2\/types\/page"}],"author":[{"embeddable":true,"href":"https:\/\/bien-etrereiki-jpierre.com\/index.php\/wp-json\/wp\/v2\/users\/1"}],"replies":[{"embeddable":true,"href":"https:\/\/bien-etrereiki-jpierre.com\/index.php\/wp-json\/wp\/v2\/comments?post=171"}],"version-history":[{"count":5,"href":"https:\/\/bien-etrereiki-jpierre.com\/index.php\/wp-json\/wp\/v2\/pages\/171\/revisions"}],"predecessor-version":[{"id":182,"href":"https:\/\/bien-etrereiki-jpierre.com\/index.php\/wp-json\/wp\/v2\/pages\/171\/revisions\/182"}],"wp:attachment":[{"href":"https:\/\/bien-etrereiki-jpierre.com\/index.php\/wp-json\/wp\/v2\/media?parent=171"}],"curies":[{"name":"wp","href":"https:\/\/api.w.org\/{rel}","templated":true}]}}