{"id":17,"date":"2024-01-11T16:53:12","date_gmt":"2024-01-11T15:53:12","guid":{"rendered":"http:\/\/bien-etrereiki-jpierre.com\/?page_id=17"},"modified":"2025-07-10T15:13:06","modified_gmt":"2025-07-10T13:13:06","slug":"code-de-deontologie","status":"publish","type":"page","link":"https:\/\/bien-etrereiki-jpierre.com\/index.php\/code-de-deontologie\/","title":{"rendered":"CODE DE D\u00c9ONTOLOGIE"},"content":{"rendered":"\n<figure class=\"wp-block-image size-full is-resized\"><img loading=\"lazy\" decoding=\"async\" width=\"178\" height=\"167\" src=\"https:\/\/bien-etrereiki-jpierre.com\/wp-content\/uploads\/2024\/01\/Sans-titre-1.jpg\" alt=\"\" class=\"wp-image-75\" style=\"width:164px;height:auto\"\/><\/figure>\n\n\n\n<p><strong>. <\/strong>Le praticien de REIKI est une personne ayant \u00e9t\u00e9 form\u00e9e au REIKI par un pratiquant pouvant prouver que sa lign\u00e9e remonte \u00e0 Mikao USUI. Pour chaque degr\u00e9, il doit avoir re\u00e7u les initiations en direct, c\u2019est-\u00e0-dire en pr\u00e9sence de son formateur, lui-m\u00eame <strong>non initi\u00e9 \u00e0 distance<\/strong>.<\/p>\n\n\n\n<p><strong>. <\/strong>Le Maitre Enseignant en REIKI USUI a re\u00e7u les comp\u00e9tences pour enseigner \u00e0 tous les degr\u00e9s. Il s\u2019engage \u00e0 respecter les d\u00e9lais entre les niveaux de formation&nbsp;:<\/p>\n\n\n\n<p>Entre le niveau 1 et 2&nbsp;: 3 mois minimum<\/p>\n\n\n\n<p>Entre le niveau 2 et 3&nbsp;: 9 mois minimum<\/p>\n\n\n\n<p>Entre le niveau 3 et 4&nbsp;: 12 mois minimum.<\/p>\n\n\n\n<p>.Le praticien et le Maitre Enseignant de REIKI USUI d\u00e9clarent en toute conscience que le REIKI&nbsp;:<\/p>\n\n\n\n<p><strong>-Ne se substitue pas \u00e0 la m\u00e9decine conventionnelle et ne remplace en aucun cas les traitements m\u00e9dicaux,<\/strong><\/p>\n\n\n\n<p><strong>-S\u2019inscrit parmi les techniques compl\u00e9mentaires d\u2019accompagnement,<\/strong><\/p>\n\n\n\n<p><strong>-Ne s\u2019apparente \u00e0 aucun ordre religieux ou mouvement sectaire (MILIVUDES).<\/strong><\/p>\n\n\n\n<p><strong>AINSI EN TANT DE PRATICIEN, MAITRE ENSEIGNANT DE REIKI USUI JE M ENGAGE A&nbsp;:<\/strong><\/p>\n\n\n\n<p>-\u00catre en r\u00e8gle avec les lois et les r\u00e8glements en vigueur dans mon pays, que ce soit au niveau juridique, administratif ou fiscal,<\/p>\n\n\n\n<p>-Respecter le secret professionnel,<\/p>\n\n\n\n<p>-Ne jamais pratiquer d\u2019initiation \u00e0 distance,<\/p>\n\n\n\n<p>-Respecter la dimension sacr\u00e9e des symboles,<\/p>\n\n\n\n<p><strong>-Ne jamais \u00e9mettre de diagnostic,<\/strong><\/p>\n\n\n\n<p><strong>-Ne jamais interf\u00e9rer dans la relation entre le receveur et le corps m\u00e9dical,<\/strong><\/p>\n\n\n\n<p>-Pratiquer une communication honn\u00eate sur le REIKI, sur sa nature, son potentiel et ses limites, ainsi que sur la dur\u00e9e et le d\u00e9roulement des s\u00e9ances,<\/p>\n\n\n\n<p>-Informer clairement des tarifs pratiqu\u00e9s que ce soit pour les s\u00e9ances, les formations et les stages,<\/p>\n\n\n\n<p><strong>-Toujours traiter mes \u00e9l\u00e8ves ou les personnes demandant des s\u00e9ances de REIKI avec le plus grand respect&nbsp;: ne jamais exercer de pressions, d\u2019abus de pouvoir, de harc\u00e8lements qu\u2019ils soient moraux, sexuels, ne jamais faire de commentaire d\u2019ordre sexuel,<\/strong><\/p>\n\n\n\n<p><strong>-Ne jamais demander au receveur ou aux \u00e9l\u00e8ves de se d\u00e9shabiller,<\/strong><\/p>\n\n\n\n<p>-Respecter les lois et r\u00e8glements sur la propri\u00e9t\u00e9 intellectuelle.<\/p>\n\n\n\n<p>En outre, je m\u2019engage \u00e0&nbsp;:<\/p>\n\n\n\n<p>-Me perfectionner dans ma pratique du REIKI et toujours travailler avec Honn\u00eatet\u00e9, Respect, Conscience, Amour, et Humilit\u00e9,<\/p>\n\n\n\n<p>-Observer une hygi\u00e8ne corporelle irr\u00e9prochable. J\u2019ai conscience que certaines maladies sont incompatibles avec le fait de recevoir des \u00e9l\u00e8ves ou des clients,<\/p>\n\n\n\n<p>-Recevoir mes clients ou \u00e9l\u00e8ves dans un local propre, a\u00e9r\u00e9 et adapt\u00e9.<\/p>\n\n\n\n<p><strong>Je suis conscient que d\u00e9tenir ou constituer un fichier manuel et\/ou informatique relatifs aux clients est soumis aux lois en vigueur RGPD.<\/strong><\/p>\n\n\n\n<p><strong><u>EN AUCUN CAS le REIKI ne saurait se substituer \u00e0 un traitement ou \u00e0 un examen m\u00e9dical ni \u00e0 une consultation chez le m\u00e9decin<\/u><\/strong><\/p>\n\n\n\n<p><\/p>\n","protected":false},"excerpt":{"rendered":"<p>. Le praticien de REIKI est une personne ayant \u00e9t\u00e9 form\u00e9e au REIKI par un pratiquant pouvant prouver que sa lign\u00e9e remonte \u00e0 Mikao USUI. Pour chaque degr\u00e9, il doit avoir re\u00e7u les initiations en direct, c\u2019est-\u00e0-dire en pr\u00e9sence de son formateur, lui-m\u00eame non initi\u00e9 \u00e0 distance. . Le Maitre Enseignant en REIKI USUI a [&hellip;]<\/p>\n","protected":false},"author":1,"featured_media":0,"parent":0,"menu_order":0,"comment_status":"closed","ping_status":"closed","template":"","meta":{"footnotes":""},"class_list":["post-17","page","type-page","status-publish","hentry"],"_links":{"self":[{"href":"https:\/\/bien-etrereiki-jpierre.com\/index.php\/wp-json\/wp\/v2\/pages\/17","targetHints":{"allow":["GET"]}}],"collection":[{"href":"https:\/\/bien-etrereiki-jpierre.com\/index.php\/wp-json\/wp\/v2\/pages"}],"about":[{"href":"https:\/\/bien-etrereiki-jpierre.com\/index.php\/wp-json\/wp\/v2\/types\/page"}],"author":[{"embeddable":true,"href":"https:\/\/bien-etrereiki-jpierre.com\/index.php\/wp-json\/wp\/v2\/users\/1"}],"replies":[{"embeddable":true,"href":"https:\/\/bien-etrereiki-jpierre.com\/index.php\/wp-json\/wp\/v2\/comments?post=17"}],"version-history":[{"count":8,"href":"https:\/\/bien-etrereiki-jpierre.com\/index.php\/wp-json\/wp\/v2\/pages\/17\/revisions"}],"predecessor-version":[{"id":600,"href":"https:\/\/bien-etrereiki-jpierre.com\/index.php\/wp-json\/wp\/v2\/pages\/17\/revisions\/600"}],"wp:attachment":[{"href":"https:\/\/bien-etrereiki-jpierre.com\/index.php\/wp-json\/wp\/v2\/media?parent=17"}],"curies":[{"name":"wp","href":"https:\/\/api.w.org\/{rel}","templated":true}]}}